{"id":2369,"date":"2024-04-09T20:39:19","date_gmt":"2024-04-09T19:39:19","guid":{"rendered":"http:\/\/www.clubtigers.cz\/?page_id=2369"},"modified":"2026-02-16T20:57:41","modified_gmt":"2026-02-16T19:57:41","slug":"primestsky-tabor","status":"publish","type":"page","link":"https:\/\/www.clubtigers.cz\/?page_id=2369","title":{"rendered":"P\u0159\u00edm\u011bstsk\u00fd t\u00e1bor"},"content":{"rendered":"\t\t<div data-elementor-type=\"wp-page\" data-elementor-id=\"2369\" class=\"elementor elementor-2369\" data-elementor-settings=\"[]\">\n\t\t\t\t\t\t\t<div class=\"elementor-section-wrap\">\n\t\t\t\t\t\t\t<section class=\"elementor-section elementor-top-section elementor-element elementor-element-209f6189 elementor-section-boxed elementor-section-height-default elementor-section-height-default\" data-id=\"209f6189\" data-element_type=\"section\">\n\t\t\t\t\t\t<div class=\"elementor-container elementor-column-gap-default\">\n\t\t\t\t\t<div class=\"elementor-column elementor-col-100 elementor-top-column elementor-element elementor-element-2470f024\" data-id=\"2470f024\" data-element_type=\"column\">\n\t\t\t<div class=\"elementor-widget-wrap elementor-element-populated\">\n\t\t\t\t\t\t\t\t<div class=\"elementor-element elementor-element-141dc532 elementor-widget elementor-widget-text-editor\" data-id=\"141dc532\" data-element_type=\"widget\" data-widget_type=\"text-editor.default\">\n\t\t\t\t<div class=\"elementor-widget-container\">\n\t\t\t\t\t\t\t<p><!-- wp:heading {\"textAlign\":\"center\",\"level\":1} --><\/p>\n<h1 class=\"has-text-align-center\">Tajemstv\u00ed ztracen\u00e9 civilizace<\/h1>\n<p><!-- \/wp:heading --><!-- wp:heading {\"textAlign\":\"center\",\"level\":4} --><\/p>\n<h4 class=\"has-text-align-center\">Tyg\u0159\u00ed p\u0159\u00edm\u011bstsk\u00fd t\u00e1bor<\/h4>\n<p><!-- \/wp:heading --><!-- wp:heading {\"textAlign\":\"center\"} --><\/p>\n<h2 class=\"has-text-align-center\"><strong>27.\u201331. 7. 2026<\/strong><\/h2>\n<p><!-- \/wp:heading --><!-- wp:columns --><\/p>\n<div class=\"wp-block-columns\">\n<p><!-- wp:column --><\/p>\n<div class=\"wp-block-column\">\n<p><!-- wp:paragraph --><\/p>\n<p><strong>27.\u201331. \u010dervence<\/strong>\u00a0bychom pro va\u0161e d\u011bti moc r\u00e1di uspo\u0159\u00e1dali<strong>\u00a0p\u0159\u00edm\u011bstsk\u00fd t\u00e1bor<\/strong>\u00a0a vydali se s d\u011btmi na <strong>z\u00e1bavnou plavbu na ostrov Tig\u00e9rie.<\/strong><\/p>\n<p>Cel\u00fdm t\u00fddnem n\u00e1s bude prov\u00e1zet t\u00e1borov\u00e1 hra, kde budou m\u00edt d\u011bti r\u016fzn\u00e9 \u00fakoly ve v\u011bkov\u011b\/v\u00fdkonnostn\u011b vyrovnan\u00fdch t\u00fdmech. Prolo\u017e\u00edme to \u010d\u00e1stmi dn\u016f, kdy budou d\u011bti ve skupink\u00e1ch podle v\u011bku, aby se v\u0161echny bavily a n\u00e1le\u017eit\u011b unavily. <br \/>Podle po\u010das\u00ed se vyraz\u00edme vykoupat k lesn\u00edmu koupali\u0161ti, budeme d\u011blat v\u00fdlety v lese, projedeme se lanovkou a zdol\u00e1me Je\u0161t\u011bd.<\/p>\n<p><strong>\u00a0<\/strong><\/p>\n<pre class=\"wp-block-preformatted\"><strong>Kdy:<\/strong> 27.\u201331. 7. 2026\n<strong>Kde:<\/strong> Horn\u00ed Hanychov, Liberec\n<strong>Za kolik:<\/strong> 3 500 CZK<\/pre>\n<p><!-- \/wp:preformatted --><!-- wp:paragraph --><\/p>\n<p>Pro d\u011bti bude zaji\u0161t\u011bn\u00a0<strong>ob\u011bd a pit\u00ed po cel\u00fd den.<\/strong><\/p>\n<p><!-- \/wp:paragraph --><\/p>\n<\/div>\n<p><!-- \/wp:column --><!-- wp:column --><\/p>\n<div class=\"wp-block-column\">\n<p><!-- wp:image {\"id\":2374,\"sizeSlug\":\"large\",\"linkDestination\":\"none\"} --><\/p>\n<figure class=\"wp-block-image size-large\"><img loading=\"lazy\" class=\"alignnone wp-image-2663 size-medium\" src=\"https:\/\/www.clubtigers.cz\/wp-content\/uploads\/Tabory_IG-posty-1-320x400.jpg\" alt=\"\" width=\"320\" height=\"400\" srcset=\"https:\/\/www.clubtigers.cz\/wp-content\/uploads\/Tabory_IG-posty-1-320x400.jpg 320w, https:\/\/www.clubtigers.cz\/wp-content\/uploads\/Tabory_IG-posty-1-819x1024.jpg 819w, https:\/\/www.clubtigers.cz\/wp-content\/uploads\/Tabory_IG-posty-1-120x150.jpg 120w, https:\/\/www.clubtigers.cz\/wp-content\/uploads\/Tabory_IG-posty-1-768x960.jpg 768w, https:\/\/www.clubtigers.cz\/wp-content\/uploads\/Tabory_IG-posty-1.jpg 1080w\" sizes=\"(max-width: 320px) 100vw, 320px\" \/><\/figure>\n<p><!-- \/wp:image --><\/p>\n<\/div>\n<p><!-- \/wp:column --><\/p>\n<\/div>\n<p><!-- \/wp:columns --><!-- wp:columns --><\/p>\n<div class=\"wp-block-columns\">\n<p><!-- wp:column --><\/p>\n<div class=\"wp-block-column\">\n<p><!-- wp:buttons --><\/p>\n<div class=\"wp-block-buttons\">\n<p><!-- wp:button {\"backgroundColor\":\"luminous-vivid-orange\",\"textColor\":\"black\",\"width\":100,\"style\":{\"border\":{\"radius\":26}},\"fontSize\":\"normal\"} --><\/p>\n<div class=\"wp-block-button has-custom-width wp-block-button__width-100 has-custom-font-size has-normal-font-size\"><a class=\"wp-block-button__link has-black-color has-luminous-vivid-orange-background-color has-text-color has-background\" style=\"border-radius: 26px;\" href=\"https:\/\/www.clubtigers.cz\/wp-content\/uploads\/Prihlaska-na-tabor-2026.pdf\" target=\"_blank\" rel=\"noreferrer noopener\">P\u0159ihl\u00e1\u0161ka<\/a><\/div>\n<p><!-- \/wp:button --><\/p>\n<\/div>\n<p><!-- \/wp:buttons --><\/p>\n<\/div>\n<p><!-- \/wp:column --><\/p>\n<\/div>\n<p><!-- \/wp:columns --><!-- wp:columns --><\/p>\n<div class=\"wp-block-columns\">\n<p><!-- wp:column --><\/p>\n<div class=\"wp-block-column\">\u00a0<\/div>\n<p><!-- \/wp:column --><\/p>\n<\/div>\n<p><!-- \/wp:columns --><!-- wp:columns --><\/p>\n<div class=\"wp-block-columns\">\n<p><!-- wp:column {\"width\":\"66.66%\"} --><\/p>\n<div class=\"wp-block-column\" style=\"flex-basis: 66.66%;\">\n<p><!-- wp:image {\"id\":2385,\"sizeSlug\":\"large\",\"linkDestination\":\"none\"} --><\/p>\n<figure class=\"wp-block-image size-large\"><img loading=\"lazy\" width=\"683\" height=\"1024\" class=\"wp-image-2385\" src=\"https:\/\/www.clubtigers.cz\/wp-content\/uploads\/lukas-vanatko-KQid_OmFKdg-unsplash-683x1024.jpg\" alt=\"\" srcset=\"https:\/\/www.clubtigers.cz\/wp-content\/uploads\/lukas-vanatko-KQid_OmFKdg-unsplash-683x1024.jpg 683w, https:\/\/www.clubtigers.cz\/wp-content\/uploads\/lukas-vanatko-KQid_OmFKdg-unsplash-267x400.jpg 267w, https:\/\/www.clubtigers.cz\/wp-content\/uploads\/lukas-vanatko-KQid_OmFKdg-unsplash-100x150.jpg 100w, https:\/\/www.clubtigers.cz\/wp-content\/uploads\/lukas-vanatko-KQid_OmFKdg-unsplash-768x1152.jpg 768w, https:\/\/www.clubtigers.cz\/wp-content\/uploads\/lukas-vanatko-KQid_OmFKdg-unsplash-1024x1536.jpg 1024w, https:\/\/www.clubtigers.cz\/wp-content\/uploads\/lukas-vanatko-KQid_OmFKdg-unsplash-1365x2048.jpg 1365w, https:\/\/www.clubtigers.cz\/wp-content\/uploads\/lukas-vanatko-KQid_OmFKdg-unsplash-scaled.jpg 1707w\" sizes=\"(max-width: 683px) 100vw, 683px\" \/><\/figure>\n<p><!-- \/wp:image --><\/p>\n<\/div>\n<p><!-- \/wp:column --><!-- wp:column {\"width\":\"33.33%\"} --><\/p>\n<div class=\"wp-block-column\" style=\"flex-basis: 33.33%;\">\n<p><!-- wp:paragraph --><\/p>\n<p><strong>Program t\u00e1bora bude od pond\u011bl\u00ed do p\u00e1tku od 8:30 do 15:30<\/strong><\/p>\n<p><!-- \/wp:paragraph --><!-- wp:paragraph --><\/p>\n<p>Zjednodu\u0161en\u00fd pl\u00e1n dne pro va\u0161i p\u0159edstavu:<\/p>\n<p><!-- \/wp:paragraph --><!-- wp:paragraph --><\/p>\n<p>08:30 sraz<\/p>\n<p><!-- \/wp:paragraph --><!-- wp:paragraph --><\/p>\n<p>08:40\u201310:00 celot\u00e1borov\u00e1 hra<\/p>\n<p><!-- \/wp:paragraph --><!-- wp:paragraph --><\/p>\n<p>10:00 sva\u010dina<\/p>\n<p><!-- \/wp:paragraph --><!-- wp:paragraph --><\/p>\n<p>10:30\u201312:00 celot\u00e1borov\u00e1 hra<\/p>\n<p><!-- \/wp:paragraph --><!-- wp:paragraph --><\/p>\n<p>12:00 ob\u011bd\u00a0+ poledn\u00ed klid<\/p>\n<p><!-- \/wp:paragraph --><!-- wp:paragraph --><\/p>\n<p>13:00\u201315:30 t\u00e1borov\u00e9 hry\/v\u00fdlet<\/p>\n<p><!-- \/wp:paragraph --><!-- wp:paragraph --><\/p>\n<p>14:30 sva\u010dina<\/p>\n<p><!-- \/wp:paragraph --><!-- wp:paragraph --><\/p>\n<p>15:30 ukon\u010den\u00ed<\/p>\n<p><!-- \/wp:paragraph --><\/p>\n<\/div>\n<p><!-- \/wp:column --><\/p>\n<\/div>\n<p><!-- \/wp:columns --><!-- wp:separator {\"className\":\"is-style-dots\"} --><\/p>\n<hr class=\"wp-block-separator is-style-dots\" \/>\n<p><!-- \/wp:separator --><!-- wp:columns --><\/p>\n<div class=\"wp-block-columns\">\n<p><!-- wp:column --><\/p>\n<div class=\"wp-block-column\">\n<p><!-- wp:heading {\"textAlign\":\"center\"} --><\/p>\n<h2 class=\"has-text-align-center\">P\u0159ihl\u00e1\u0161ky<\/h2>\n<p><!-- \/wp:heading --><!-- wp:paragraph --><\/p>\n<p><strong>\u010c\u00edslo p\u0159ihl\u00e1\u0161ky z\u00edsk\u00e1te u Mark\u00e9ty Kocourkov\u00e9<\/strong><br \/>tel.: 728 166 491<br \/>email: <a href=\"mailto:jested.tigers@gmail.com\">jested.tigers@gmail.com<\/a><\/p>\n<p><!-- \/wp:paragraph --><!-- wp:paragraph --><\/p>\n<p><strong>Platnost \u010d\u00edsla p\u0159ihl\u00e1\u0161ky je 14 dn\u00ed. Platbu uhra\u010fte do konce kv\u011btna 2026.\u00a0<\/strong>Jestli v\u00edte o n\u011bkom mimo n\u00e1\u0161 klub, kdo by se cht\u011bl t\u00e1bora z\u00fa\u010dastnit, budeme r\u00e1di, kdy\u017e mu p\u0159ed\u00e1te kontakt.<\/p>\n<p>\u00a0<\/p>\n<p><!-- \/wp:paragraph --><\/p>\n<\/div>\n<p><!-- \/wp:column --><\/p>\n<\/div>\n<p><!-- \/wp:columns --><!-- wp:columns --><\/p>\n<div class=\"wp-block-columns\">\n<p><!-- wp:column --><\/p>\n<div class=\"wp-block-column\">\n<p><!-- wp:buttons --><\/p>\n<div class=\"wp-block-buttons\"><!-- wp:button \/--><\/div>\n<p><!-- \/wp:buttons --><!-- wp:file {\"id\":2398,\"href\":\"https:\/\/www.clubtigers.cz\/wp-content\/uploads\/Prihlaska-na-tabor-3.pdf\",\"displayPreview\":true,\"previewHeight\":429} --><\/p>\n<div class=\"wp-block-file\">\n<p><a href=\"https:\/\/www.clubtigers.cz\/wp-content\/uploads\/Prihlaska-na-tabor-2026.pdf\">P\u0159ihl\u00e1\u0161ka na t\u00e1bor<\/a><\/p>\n<p><a class=\"wp-block-file__button\" href=\"https:\/\/www.clubtigers.cz\/wp-content\/uploads\/Prihlaska-na-tabor-2026.docx\" download=\"\">St\u00e1hnout<\/a><\/p>\n<\/div>\n<p><!-- \/wp:file --><\/p>\n<\/div>\n<p><!-- \/wp:column --><!-- wp:column --><\/p>\n<div class=\"wp-block-column\">\n<p><!-- wp:buttons --><\/p>\n<div class=\"wp-block-buttons\"><!-- wp:button \/--><\/div>\n<p><!-- \/wp:buttons --><!-- wp:file {\"id\":2400,\"href\":\"https:\/\/www.clubtigers.cz\/wp-content\/uploads\/Posudek-lekare_pr-imestsky-tabor-1.pdf\",\"displayPreview\":true,\"previewHeight\":429} --><\/p>\n<div class=\"wp-block-file\"><a href=\"https:\/\/www.clubtigers.cz\/wp-content\/uploads\/Posudek-lekare_pr-imestsky-tabor-1.pdf\" target=\"_blank\" rel=\"noreferrer noopener\">Posudek l\u00e9ka\u0159e<\/a><a class=\"wp-block-file__button\" href=\"https:\/\/www.clubtigers.cz\/wp-content\/uploads\/Posudek-lekare_pr-imestsky-tabor-1.pdf\" download=\"\">St\u00e1hnout<\/a><\/div>\n<p><!-- \/wp:file --><\/p>\n<\/div>\n<p><!-- \/wp:column --><\/p>\n<\/div>\n<p><!-- \/wp:columns --><!-- wp:separator --><\/p>\n<p>\u00a0<\/p>\n<hr class=\"wp-block-separator\" \/>\n<p><!-- \/wp:separator --><!-- wp:columns --><\/p>\n<div class=\"wp-block-columns\">\n<p><!-- wp:column --><\/p>\n<div class=\"wp-block-column\">\n<p><!-- wp:heading {\"textAlign\":\"center\",\"level\":3} --><\/p>\n<h3 class=\"has-text-align-center\">Budeme se na v\u00e1s a va\u0161e d\u011bti moc t\u011b\u0161it!!<br \/><strong>Mark\u00e9ta Kocourkov\u00e1 &amp; Jan Zbo\u0159il<\/strong><\/h3>\n<p><!-- \/wp:heading --><\/p>\n<\/div>\n<p><!-- \/wp:column --><\/p>\n<\/div>\n<p><!-- \/wp:columns --><!-- wp:paragraph --><\/p>\n<p><!-- \/wp:paragraph --><\/p>\t\t\t\t\t\t<\/div>\n\t\t\t\t<\/div>\n\t\t\t\t\t<\/div>\n\t\t<\/div>\n\t\t\t\t\t\t\t<\/div>\n\t\t<\/section>\n\t\t\t\t\t\t<\/div>\n\t\t\t\t\t<\/div>\n\t\t","protected":false},"excerpt":{"rendered":"<p>Tajemstv\u00ed ztracen\u00e9 civilizace Tyg\u0159\u00ed p\u0159\u00edm\u011bstsk\u00fd t\u00e1bor 27.\u201331. 7. 2026 27.\u201331. \u010dervence\u00a0bychom pro va\u0161e d\u011bti moc r\u00e1di uspo\u0159\u00e1dali\u00a0p\u0159\u00edm\u011bstsk\u00fd t\u00e1bor\u00a0a vydali se s d\u011btmi na z\u00e1bavnou plavbu na ostrov Tig\u00e9rie. Cel\u00fdm t\u00fddnem n\u00e1s bude prov\u00e1zet t\u00e1borov\u00e1 hra, kde budou m\u00edt d\u011bti r\u016fzn\u00e9 \u00fakoly ve v\u011bkov\u011b\/v\u00fdkonnostn\u011b vyrovnan\u00fdch t\u00fdmech. Prolo\u017e\u00edme to \u010d\u00e1stmi dn\u016f, kdy budou d\u011bti ve skupink\u00e1ch podle &hellip;<\/p>\n<p class=\"read-more\"> <a class=\"\" href=\"https:\/\/www.clubtigers.cz\/?page_id=2369\"> <span class=\"screen-reader-text\">P\u0159\u00edm\u011bstsk\u00fd t\u00e1bor<\/span> Pokra\u010dovat ve \u010dten\u00ed &raquo;<\/a><\/p>\n","protected":false},"author":8,"featured_media":0,"parent":0,"menu_order":0,"comment_status":"closed","ping_status":"closed","template":"","meta":{"_uag_custom_page_level_css":"","site-sidebar-layout":"default","site-content-layout":"default","ast-global-header-display":"","ast-main-header-display":"","ast-hfb-above-header-display":"","ast-hfb-below-header-display":"","ast-hfb-mobile-header-display":"","site-post-title":"disabled","ast-breadcrumbs-content":"","ast-featured-img":"","footer-sml-layout":"","theme-transparent-header-meta":"","adv-header-id-meta":"","stick-header-meta":"","header-above-stick-meta":"","header-main-stick-meta":"","header-below-stick-meta":""},"uagb_featured_image_src":{"full":false,"thumbnail":false,"medium":false,"medium_large":false,"large":false,"1536x1536":false,"2048x2048":false},"uagb_author_info":{"display_name":"Mark\u00e9ta Kocourkov\u00e1","author_link":"https:\/\/www.clubtigers.cz\/?author=8"},"uagb_comment_info":0,"uagb_excerpt":"Tajemstv\u00ed ztracen\u00e9 civilizace Tyg\u0159\u00ed p\u0159\u00edm\u011bstsk\u00fd t\u00e1bor 27.\u201331. 7. 2026 27.\u201331. \u010dervence\u00a0bychom pro va\u0161e d\u011bti moc r\u00e1di uspo\u0159\u00e1dali\u00a0p\u0159\u00edm\u011bstsk\u00fd t\u00e1bor\u00a0a vydali se s d\u011btmi na z\u00e1bavnou plavbu na ostrov Tig\u00e9rie. Cel\u00fdm t\u00fddnem n\u00e1s bude prov\u00e1zet t\u00e1borov\u00e1 hra, kde budou m\u00edt d\u011bti r\u016fzn\u00e9 \u00fakoly ve v\u011bkov\u011b\/v\u00fdkonnostn\u011b vyrovnan\u00fdch t\u00fdmech. Prolo\u017e\u00edme to \u010d\u00e1stmi dn\u016f, kdy budou d\u011bti ve skupink\u00e1ch podle&hellip;","_links":{"self":[{"href":"https:\/\/www.clubtigers.cz\/index.php?rest_route=\/wp\/v2\/pages\/2369"}],"collection":[{"href":"https:\/\/www.clubtigers.cz\/index.php?rest_route=\/wp\/v2\/pages"}],"about":[{"href":"https:\/\/www.clubtigers.cz\/index.php?rest_route=\/wp\/v2\/types\/page"}],"author":[{"embeddable":true,"href":"https:\/\/www.clubtigers.cz\/index.php?rest_route=\/wp\/v2\/users\/8"}],"replies":[{"embeddable":true,"href":"https:\/\/www.clubtigers.cz\/index.php?rest_route=%2Fwp%2Fv2%2Fcomments&post=2369"}],"version-history":[{"count":106,"href":"https:\/\/www.clubtigers.cz\/index.php?rest_route=\/wp\/v2\/pages\/2369\/revisions"}],"predecessor-version":[{"id":2666,"href":"https:\/\/www.clubtigers.cz\/index.php?rest_route=\/wp\/v2\/pages\/2369\/revisions\/2666"}],"wp:attachment":[{"href":"https:\/\/www.clubtigers.cz\/index.php?rest_route=%2Fwp%2Fv2%2Fmedia&parent=2369"}],"curies":[{"name":"wp","href":"https:\/\/api.w.org\/{rel}","templated":true}]}}