{"id":2512,"date":"2025-03-13T20:56:49","date_gmt":"2025-03-13T19:56:49","guid":{"rendered":"https:\/\/www.clubtigers.cz\/?page_id=2512"},"modified":"2026-03-19T10:12:58","modified_gmt":"2026-03-19T09:12:58","slug":"sport-venku-jaro-podzim","status":"publish","type":"page","link":"https:\/\/www.clubtigers.cz\/?page_id=2512","title":{"rendered":"Sport venku &#8211; jaro\/podzim"},"content":{"rendered":"\t\t<div data-elementor-type=\"wp-page\" data-elementor-id=\"2512\" class=\"elementor elementor-2512\" data-elementor-settings=\"[]\">\n\t\t\t\t\t\t\t<div class=\"elementor-section-wrap\">\n\t\t\t\t\t\t\t<section class=\"elementor-section elementor-top-section elementor-element elementor-element-5fcb32f elementor-section-boxed elementor-section-height-default elementor-section-height-default\" data-id=\"5fcb32f\" data-element_type=\"section\">\n\t\t\t\t\t\t<div class=\"elementor-container elementor-column-gap-default\">\n\t\t\t\t\t<div class=\"elementor-column elementor-col-50 elementor-top-column elementor-element elementor-element-4c0b19c\" data-id=\"4c0b19c\" data-element_type=\"column\">\n\t\t\t<div class=\"elementor-widget-wrap elementor-element-populated\">\n\t\t\t\t\t\t\t\t<div class=\"elementor-element elementor-element-947efeb elementor-widget elementor-widget-text-editor\" data-id=\"947efeb\" data-element_type=\"widget\" data-widget_type=\"text-editor.default\">\n\t\t\t\t<div class=\"elementor-widget-container\">\n\t\t\t\t\t\t\t<ul><li>v\u0161etrannost a <strong>z\u00e1bava<\/strong><\/li><li>certifikovan\u00ed instrukto\u0159i<\/li><li>plat\u00edte pouze odchozen\u00e9 tr\u00e9ninky<\/li><li>p\u0159ipojte se na kteroukoliv aktivitu<\/li><li>pravideln\u00e9 tr\u00e9ninky 2 x t\u00fddn\u011b<\/li><\/ul>\t\t\t\t\t\t<\/div>\n\t\t\t\t<\/div>\n\t\t\t\t<div class=\"elementor-element elementor-element-4e55246 elementor-widget elementor-widget-text-editor\" data-id=\"4e55246\" data-element_type=\"widget\" data-widget_type=\"text-editor.default\">\n\t\t\t\t<div class=\"elementor-widget-container\">\n\t\t\t\t\t\t\t<p><strong>Cena:<\/strong><\/p><p>150 CZK \/ 1,5 hodiny<\/p>\t\t\t\t\t\t<\/div>\n\t\t\t\t<\/div>\n\t\t\t\t<div class=\"elementor-element elementor-element-8badd89 elementor-button-info elementor-align-center elementor-widget elementor-widget-button\" data-id=\"8badd89\" data-element_type=\"widget\" data-widget_type=\"button.default\">\n\t\t\t\t<div class=\"elementor-widget-container\">\n\t\t\t\t\t<div class=\"elementor-button-wrapper\">\n\t\t\t<a href=\"https:\/\/y53k03po39j.typeform.com\/to\/iacPlqQP\" class=\"elementor-button-link elementor-button elementor-size-sm\" role=\"button\">\n\t\t\t\t\t\t<span class=\"elementor-button-content-wrapper\">\n\t\t\t\t\t\t<span class=\"elementor-button-text\">Chci se taky p\u0159idat!<\/span>\n\t\t<\/span>\n\t\t\t\t\t<\/a>\n\t\t<\/div>\n\t\t\t\t<\/div>\n\t\t\t\t<\/div>\n\t\t\t\t\t<\/div>\n\t\t<\/div>\n\t\t\t\t<div class=\"elementor-column elementor-col-50 elementor-top-column elementor-element elementor-element-7b8e24d\" data-id=\"7b8e24d\" data-element_type=\"column\">\n\t\t\t<div class=\"elementor-widget-wrap elementor-element-populated\">\n\t\t\t\t\t\t\t\t<div class=\"elementor-element elementor-element-57a25a2 elementor-widget elementor-widget-image\" data-id=\"57a25a2\" data-element_type=\"widget\" data-widget_type=\"image.default\">\n\t\t\t\t<div class=\"elementor-widget-container\">\n\t\t\t\t\t\t\t\t\t\t\t\t\t\t\t<img width=\"1024\" height=\"516\" src=\"https:\/\/www.clubtigers.cz\/wp-content\/uploads\/header-hero-1024x516.jpg\" class=\"attachment-large size-large\" alt=\"\" loading=\"lazy\" srcset=\"https:\/\/www.clubtigers.cz\/wp-content\/uploads\/header-hero-1024x516.jpg 1024w, https:\/\/www.clubtigers.cz\/wp-content\/uploads\/header-hero-400x201.jpg 400w, https:\/\/www.clubtigers.cz\/wp-content\/uploads\/header-hero-150x76.jpg 150w, https:\/\/www.clubtigers.cz\/wp-content\/uploads\/header-hero-768x387.jpg 768w, https:\/\/www.clubtigers.cz\/wp-content\/uploads\/header-hero-1536x774.jpg 1536w, https:\/\/www.clubtigers.cz\/wp-content\/uploads\/header-hero.jpg 1920w\" sizes=\"(max-width: 1024px) 100vw, 1024px\" \/>\t\t\t\t\t\t\t\t\t\t\t\t\t\t\t<\/div>\n\t\t\t\t<\/div>\n\t\t\t\t\t<\/div>\n\t\t<\/div>\n\t\t\t\t\t\t\t<\/div>\n\t\t<\/section>\n\t\t\t\t<section class=\"elementor-section elementor-top-section elementor-element elementor-element-4c8388a elementor-section-boxed elementor-section-height-default elementor-section-height-default\" data-id=\"4c8388a\" data-element_type=\"section\">\n\t\t\t\t\t\t<div class=\"elementor-container elementor-column-gap-default\">\n\t\t\t\t\t<div class=\"elementor-column elementor-col-100 elementor-top-column elementor-element elementor-element-8466628\" data-id=\"8466628\" data-element_type=\"column\">\n\t\t\t<div class=\"elementor-widget-wrap elementor-element-populated\">\n\t\t\t\t\t\t\t\t<div class=\"elementor-element elementor-element-c837287 elementor-widget elementor-widget-heading\" data-id=\"c837287\" data-element_type=\"widget\" data-widget_type=\"heading.default\">\n\t\t\t\t<div class=\"elementor-widget-container\">\n\t\t\t<h2 class=\"elementor-heading-title elementor-size-default\">Aktivity (v\u011bt\u0161inou ve v\u0161edn\u00ed den):<\/h2>\t\t<\/div>\n\t\t\t\t<\/div>\n\t\t\t\t\t<\/div>\n\t\t<\/div>\n\t\t\t\t\t\t\t<\/div>\n\t\t<\/section>\n\t\t\t\t<section class=\"elementor-section elementor-top-section elementor-element elementor-element-590b725 elementor-section-boxed elementor-section-height-default elementor-section-height-default\" data-id=\"590b725\" data-element_type=\"section\">\n\t\t\t\t\t\t<div class=\"elementor-container elementor-column-gap-default\">\n\t\t\t\t\t<div class=\"elementor-column elementor-col-33 elementor-top-column elementor-element elementor-element-3d1e990\" data-id=\"3d1e990\" data-element_type=\"column\">\n\t\t\t<div class=\"elementor-widget-wrap elementor-element-populated\">\n\t\t\t\t\t\t\t\t<div class=\"elementor-element elementor-element-5e146ce elementor-widget elementor-widget-heading\" data-id=\"5e146ce\" data-element_type=\"widget\" data-widget_type=\"heading.default\">\n\t\t\t\t<div class=\"elementor-widget-container\">\n\t\t\t<h2 class=\"elementor-heading-title elementor-size-default\">j\u00edzda na kole<\/h2>\t\t<\/div>\n\t\t\t\t<\/div>\n\t\t\t\t<div class=\"elementor-element elementor-element-7e946da elementor-widget elementor-widget-text-editor\" data-id=\"7e946da\" data-element_type=\"widget\" data-widget_type=\"text-editor.default\">\n\t\t\t\t<div class=\"elementor-widget-container\">\n\t\t\t\t\t\t\t<p>15:30 \u2013<span style=\"background-color: var(--ast-global-color-4); color: var(--ast-global-color-3); font-size: 1rem;\">17:00<\/span><\/p>\t\t\t\t\t\t<\/div>\n\t\t\t\t<\/div>\n\t\t\t\t<div class=\"elementor-element elementor-element-4c2b53a elementor-widget elementor-widget-text-editor\" data-id=\"4c2b53a\" data-element_type=\"widget\" data-widget_type=\"text-editor.default\">\n\t\t\t\t<div class=\"elementor-widget-container\">\n\t\t\t\t\t\t\t<p>S d\u011btmi pl\u00e1nujeme <b>v\u00fdlety na kole<\/b>\u00a0(v\u00fd\u0161lapy na r\u016fzn\u00fdch m\u00edstech v okol\u00ed Liberce) i <b>techniku j\u00edzdy na horsk\u00e9m kole <\/b>(na pumptracku).<\/p>\t\t\t\t\t\t<\/div>\n\t\t\t\t<\/div>\n\t\t\t\t\t<\/div>\n\t\t<\/div>\n\t\t\t\t<div class=\"elementor-column elementor-col-33 elementor-top-column elementor-element elementor-element-4d4e019\" data-id=\"4d4e019\" data-element_type=\"column\">\n\t\t\t<div class=\"elementor-widget-wrap elementor-element-populated\">\n\t\t\t\t\t\t\t\t<div class=\"elementor-element elementor-element-729d1cb elementor-widget elementor-widget-heading\" data-id=\"729d1cb\" data-element_type=\"widget\" data-widget_type=\"heading.default\">\n\t\t\t\t<div class=\"elementor-widget-container\">\n\t\t\t<h2 class=\"elementor-heading-title elementor-size-default\">kole\u010dkov\u00e9 brusle<\/h2>\t\t<\/div>\n\t\t\t\t<\/div>\n\t\t\t\t<div class=\"elementor-element elementor-element-c4b50a9 elementor-widget elementor-widget-text-editor\" data-id=\"c4b50a9\" data-element_type=\"widget\" data-widget_type=\"text-editor.default\">\n\t\t\t\t<div class=\"elementor-widget-container\">\n\t\t\t\t\t\t\t<p>15:30 \u2013<span style=\"font-size: 1rem;\">17:00<\/span><\/p>\t\t\t\t\t\t<\/div>\n\t\t\t\t<\/div>\n\t\t\t\t<div class=\"elementor-element elementor-element-261d3cd elementor-widget elementor-widget-text-editor\" data-id=\"261d3cd\" data-element_type=\"widget\" data-widget_type=\"text-editor.default\">\n\t\t\t\t<div class=\"elementor-widget-container\">\n\t\t\t\t\t\t\t<p>S d\u011btmi tr\u00e9nujeme j\u00edzdu pop\u0159edu, pozadu, s h\u016flkami, zat\u00e1\u010den\u00ed, j\u00edzdu po jedn\u00e9 noze a dal\u0161\u00ed.\u00a0<\/p><p>Jedn\u00e1 se o perfektn\u00ed p\u0159\u00edpravu na ly\u017ee.<\/p>\t\t\t\t\t\t<\/div>\n\t\t\t\t<\/div>\n\t\t\t\t\t<\/div>\n\t\t<\/div>\n\t\t\t\t<div class=\"elementor-column elementor-col-33 elementor-top-column elementor-element elementor-element-9190f89\" data-id=\"9190f89\" data-element_type=\"column\">\n\t\t\t<div class=\"elementor-widget-wrap elementor-element-populated\">\n\t\t\t\t\t\t\t\t<div class=\"elementor-element elementor-element-3287098 elementor-widget elementor-widget-heading\" data-id=\"3287098\" data-element_type=\"widget\" data-widget_type=\"heading.default\">\n\t\t\t\t<div class=\"elementor-widget-container\">\n\t\t\t<h2 class=\"elementor-heading-title elementor-size-default\">(orienta\u010dn\u00ed) b\u011bh<\/h2>\t\t<\/div>\n\t\t\t\t<\/div>\n\t\t\t\t<div class=\"elementor-element elementor-element-a8e2807 elementor-widget elementor-widget-text-editor\" data-id=\"a8e2807\" data-element_type=\"widget\" data-widget_type=\"text-editor.default\">\n\t\t\t\t<div class=\"elementor-widget-container\">\n\t\t\t\t\t\t\t<p>15:30 \u2013<span style=\"font-size: 1rem;\">17:00<\/span><\/p>\t\t\t\t\t\t<\/div>\n\t\t\t\t<\/div>\n\t\t\t\t<div class=\"elementor-element elementor-element-94c597d elementor-widget elementor-widget-text-editor\" data-id=\"94c597d\" data-element_type=\"widget\" data-widget_type=\"text-editor.default\">\n\t\t\t\t<div class=\"elementor-widget-container\">\n\t\t\t\t\t\t\t<p>Tr\u00e9ninky b\u011bhu prob\u00edhaj\u00ed z\u00e1bavnou formou, tren\u00e9r b\u011bh\u00e1 s d\u011btmi, nenech\u00e1v\u00e1 je nikde samotn\u00e9.\u00a0<\/p><p>Orienta\u010dn\u00ed b\u011bh k tomu zahrnuje pr\u00e1ci s mapou.<\/p>\t\t\t\t\t\t<\/div>\n\t\t\t\t<\/div>\n\t\t\t\t\t<\/div>\n\t\t<\/div>\n\t\t\t\t\t\t\t<\/div>\n\t\t<\/section>\n\t\t\t\t<section class=\"elementor-section elementor-top-section elementor-element elementor-element-d5c611d elementor-section-boxed elementor-section-height-default elementor-section-height-default\" data-id=\"d5c611d\" data-element_type=\"section\">\n\t\t\t\t\t\t<div class=\"elementor-container elementor-column-gap-default\">\n\t\t\t\t\t<div class=\"elementor-column elementor-col-100 elementor-top-column elementor-element elementor-element-c051b89\" data-id=\"c051b89\" data-element_type=\"column\">\n\t\t\t<div class=\"elementor-widget-wrap elementor-element-populated\">\n\t\t\t\t\t\t\t\t<section class=\"elementor-section elementor-inner-section elementor-element elementor-element-06b71a2 elementor-section-boxed elementor-section-height-default elementor-section-height-default\" data-id=\"06b71a2\" data-element_type=\"section\">\n\t\t\t\t\t\t<div class=\"elementor-container elementor-column-gap-default\">\n\t\t\t\t\t<div class=\"elementor-column elementor-col-50 elementor-inner-column elementor-element elementor-element-315725e\" data-id=\"315725e\" data-element_type=\"column\">\n\t\t\t<div class=\"elementor-widget-wrap elementor-element-populated\">\n\t\t\t\t\t\t\t\t<div class=\"elementor-element elementor-element-1079de4 elementor-widget elementor-widget-image\" data-id=\"1079de4\" data-element_type=\"widget\" data-widget_type=\"image.default\">\n\t\t\t\t<div class=\"elementor-widget-container\">\n\t\t\t\t\t\t\t\t\t\t\t\t\t\t\t<img width=\"768\" height=\"1089\" src=\"https:\/\/www.clubtigers.cz\/wp-content\/uploads\/Leta\u0301k-A5_le\u0301to-1-768x1089.png\" class=\"attachment-medium_large size-medium_large\" alt=\"\" loading=\"lazy\" srcset=\"https:\/\/www.clubtigers.cz\/wp-content\/uploads\/Leta\u0301k-A5_le\u0301to-1-768x1089.png 768w, https:\/\/www.clubtigers.cz\/wp-content\/uploads\/Leta\u0301k-A5_le\u0301to-1-282x400.png 282w, https:\/\/www.clubtigers.cz\/wp-content\/uploads\/Leta\u0301k-A5_le\u0301to-1-722x1024.png 722w, https:\/\/www.clubtigers.cz\/wp-content\/uploads\/Leta\u0301k-A5_le\u0301to-1-106x150.png 106w, https:\/\/www.clubtigers.cz\/wp-content\/uploads\/Leta\u0301k-A5_le\u0301to-1-1083x1536.png 1083w, https:\/\/www.clubtigers.cz\/wp-content\/uploads\/Leta\u0301k-A5_le\u0301to-1.png 1410w\" sizes=\"(max-width: 768px) 100vw, 768px\" \/>\t\t\t\t\t\t\t\t\t\t\t\t\t\t\t<\/div>\n\t\t\t\t<\/div>\n\t\t\t\t\t<\/div>\n\t\t<\/div>\n\t\t\t\t<div class=\"elementor-column elementor-col-50 elementor-inner-column elementor-element elementor-element-069dd06\" data-id=\"069dd06\" data-element_type=\"column\">\n\t\t\t<div class=\"elementor-widget-wrap elementor-element-populated\">\n\t\t\t\t\t\t\t\t<div class=\"elementor-element elementor-element-91848e3 elementor-widget elementor-widget-text-editor\" data-id=\"91848e3\" data-element_type=\"widget\" data-widget_type=\"text-editor.default\">\n\t\t\t\t<div class=\"elementor-widget-container\">\n\t\t\t\t\t\t\t<p><strong>Rozpis na b\u0159ezen\u2013duben:<\/strong><\/p><ul><li>25.03. ST \u2013 LEZECK\u00c1 ST\u011aNA<\/li><li>09.04. \u010cT \u2013 ORIENTA\u010cN\u00cd B\u011aH\u00a0<\/li><li>11.04. SO \u2013 J\u00d3GA, Z\u00c1KLADY PILATES<\/li><li>15.04. ST \u2013 SPORTOVN\u00cd HRY<\/li><li>18.04. SO \u2013 V\u00dd\u0160LAP NA JE\u0160T\u011aD<\/li><li>21.04. \u00daT \u2013 KOLE\u010cKOV\u00c9 BRUSLE<\/li><li>25.04. SO \u2013 CYKLISTIKA \/ HORSK\u00c9 KOLO\u00a0<\/li><li>30.04. \u010cT \u2013 KOLE\u010cKOV\u00c9 BRUSLE<\/li><\/ul><div>\u00a0<\/div>\t\t\t\t\t\t<\/div>\n\t\t\t\t<\/div>\n\t\t\t\t\t<\/div>\n\t\t<\/div>\n\t\t\t\t\t\t\t<\/div>\n\t\t<\/section>\n\t\t\t\t\t<\/div>\n\t\t<\/div>\n\t\t\t\t\t\t\t<\/div>\n\t\t<\/section>\n\t\t\t\t<section class=\"elementor-section elementor-top-section elementor-element elementor-element-df1d914 elementor-section-boxed elementor-section-height-default elementor-section-height-default\" data-id=\"df1d914\" data-element_type=\"section\">\n\t\t\t\t\t\t<div class=\"elementor-container elementor-column-gap-default\">\n\t\t\t\t\t<div class=\"elementor-column elementor-col-100 elementor-top-column elementor-element elementor-element-e522b64\" data-id=\"e522b64\" data-element_type=\"column\">\n\t\t\t<div class=\"elementor-widget-wrap elementor-element-populated\">\n\t\t\t\t\t\t\t\t<div class=\"elementor-element elementor-element-ef67d99 elementor-widget elementor-widget-heading\" data-id=\"ef67d99\" data-element_type=\"widget\" data-widget_type=\"heading.default\">\n\t\t\t\t<div class=\"elementor-widget-container\">\n\t\t\t<h2 class=\"elementor-heading-title elementor-size-default\"><span style=\"color: var(--ast-global-color-2); font-size: 1.76471rem; text-align: center; background-color: var(--ast-global-color-4);\">Aktivity (v\u011bt\u0161inou o v\u00edkendu):<\/span><\/h2>\t\t<\/div>\n\t\t\t\t<\/div>\n\t\t\t\t\t<\/div>\n\t\t<\/div>\n\t\t\t\t\t\t\t<\/div>\n\t\t<\/section>\n\t\t\t\t<section class=\"elementor-section elementor-top-section elementor-element elementor-element-83cbfaa elementor-section-boxed elementor-section-height-default elementor-section-height-default\" data-id=\"83cbfaa\" data-element_type=\"section\">\n\t\t\t\t\t\t<div class=\"elementor-container elementor-column-gap-default\">\n\t\t\t\t\t<div class=\"elementor-column elementor-col-33 elementor-top-column elementor-element elementor-element-2fad8c4\" data-id=\"2fad8c4\" data-element_type=\"column\">\n\t\t\t<div class=\"elementor-widget-wrap elementor-element-populated\">\n\t\t\t\t\t\t\t\t<div class=\"elementor-element elementor-element-10ce44b elementor-widget elementor-widget-heading\" data-id=\"10ce44b\" data-element_type=\"widget\" data-widget_type=\"heading.default\">\n\t\t\t\t<div class=\"elementor-widget-container\">\n\t\t\t<h2 class=\"elementor-heading-title elementor-size-default\">lezeck\u00e1 st\u011bna<\/h2>\t\t<\/div>\n\t\t\t\t<\/div>\n\t\t\t\t<div class=\"elementor-element elementor-element-11f3080 elementor-widget elementor-widget-text-editor\" data-id=\"11f3080\" data-element_type=\"widget\" data-widget_type=\"text-editor.default\">\n\t\t\t\t<div class=\"elementor-widget-container\">\n\t\t\t\t\t\t\t<p>9:30\u201311:00<\/p>\t\t\t\t\t\t<\/div>\n\t\t\t\t<\/div>\n\t\t\t\t<div class=\"elementor-element elementor-element-93b2dd2 elementor-widget elementor-widget-text-editor\" data-id=\"93b2dd2\" data-element_type=\"widget\" data-widget_type=\"text-editor.default\">\n\t\t\t\t<div class=\"elementor-widget-container\">\n\t\t\t\t\t\t\t<p>Lezen\u00ed leh\u010d\u00edch d\u011btsk\u00fdch cest dle dovednost\u00ed a sezn\u00e1men\u00ed s v\u00fdstroj\u00ed.<\/p><p>D\u011bti budou l\u00e9zt na polygonu v pat\u0159e nad barem, kde jsou ji\u017e nata\u017een\u00e1 lana a jsou zde d\u011btsk\u00e9 lezeck\u00e9 cesty.\u00a0<\/p>\t\t\t\t\t\t<\/div>\n\t\t\t\t<\/div>\n\t\t\t\t\t<\/div>\n\t\t<\/div>\n\t\t\t\t<div class=\"elementor-column elementor-col-33 elementor-top-column elementor-element elementor-element-3d94db7\" data-id=\"3d94db7\" data-element_type=\"column\">\n\t\t\t<div class=\"elementor-widget-wrap elementor-element-populated\">\n\t\t\t\t\t\t\t\t<div class=\"elementor-element elementor-element-4a82c5c elementor-widget elementor-widget-heading\" data-id=\"4a82c5c\" data-element_type=\"widget\" data-widget_type=\"heading.default\">\n\t\t\t\t<div class=\"elementor-widget-container\">\n\t\t\t<h2 class=\"elementor-heading-title elementor-size-default\">j\u00f3ga \/ prota\u017een\u00ed<\/h2>\t\t<\/div>\n\t\t\t\t<\/div>\n\t\t\t\t<div class=\"elementor-element elementor-element-bbf42d9 elementor-widget elementor-widget-text-editor\" data-id=\"bbf42d9\" data-element_type=\"widget\" data-widget_type=\"text-editor.default\">\n\t\t\t\t<div class=\"elementor-widget-container\">\n\t\t\t\t\t\t\t<p>9:30\u201311:00<\/p>\t\t\t\t\t\t<\/div>\n\t\t\t\t<\/div>\n\t\t\t\t<div class=\"elementor-element elementor-element-f1eeb80 elementor-widget elementor-widget-text-editor\" data-id=\"f1eeb80\" data-element_type=\"widget\" data-widget_type=\"text-editor.default\">\n\t\t\t\t<div class=\"elementor-widget-container\">\n\t\t\t\t\t\t\t<p>Pr\u00e1ce s vlastn\u00edm t\u011blem, d\u00fdch\u00e1n\u00ed, prota\u017een\u00ed.\u00a0<\/p>\t\t\t\t\t\t<\/div>\n\t\t\t\t<\/div>\n\t\t\t\t\t<\/div>\n\t\t<\/div>\n\t\t\t\t<div class=\"elementor-column elementor-col-33 elementor-top-column elementor-element elementor-element-9d5beda\" data-id=\"9d5beda\" data-element_type=\"column\">\n\t\t\t<div class=\"elementor-widget-wrap elementor-element-populated\">\n\t\t\t\t\t\t\t\t<div class=\"elementor-element elementor-element-f4661f3 elementor-widget elementor-widget-heading\" data-id=\"f4661f3\" data-element_type=\"widget\" data-widget_type=\"heading.default\">\n\t\t\t\t<div class=\"elementor-widget-container\">\n\t\t\t<h2 class=\"elementor-heading-title elementor-size-default\">p\u011b\u0161\u00ed v\u00fdlety<\/h2>\t\t<\/div>\n\t\t\t\t<\/div>\n\t\t\t\t<div class=\"elementor-element elementor-element-edc0ab0 elementor-widget elementor-widget-text-editor\" data-id=\"edc0ab0\" data-element_type=\"widget\" data-widget_type=\"text-editor.default\">\n\t\t\t\t<div class=\"elementor-widget-container\">\n\t\t\t\t\t\t\t<p>9:30\u201311:00<\/p>\t\t\t\t\t\t<\/div>\n\t\t\t\t<\/div>\n\t\t\t\t<div class=\"elementor-element elementor-element-2466887 elementor-widget elementor-widget-text-editor\" data-id=\"2466887\" data-element_type=\"widget\" data-widget_type=\"text-editor.default\">\n\t\t\t\t<div class=\"elementor-widget-container\">\n\t\t\t\t\t\t\t<p>Jedn\u00e1 se nap\u0159\u00edklad o v\u00fd\u0161lap na Je\u0161t\u011bd, cestou hrajeme r\u016fzn\u00e9 hry, abychom si cestu zp\u0159\u00edjemnili.\u00a0<\/p>\t\t\t\t\t\t<\/div>\n\t\t\t\t<\/div>\n\t\t\t\t\t<\/div>\n\t\t<\/div>\n\t\t\t\t\t\t\t<\/div>\n\t\t<\/section>\n\t\t\t\t<section class=\"elementor-section elementor-top-section elementor-element elementor-element-d457152 elementor-section-boxed elementor-section-height-default elementor-section-height-default\" data-id=\"d457152\" data-element_type=\"section\">\n\t\t\t\t\t\t<div class=\"elementor-container elementor-column-gap-default\">\n\t\t\t\t\t<div class=\"elementor-column elementor-col-100 elementor-top-column elementor-element elementor-element-d1e04c2\" data-id=\"d1e04c2\" data-element_type=\"column\">\n\t\t\t<div class=\"elementor-widget-wrap\">\n\t\t\t\t\t\t\t\t\t<\/div>\n\t\t<\/div>\n\t\t\t\t\t\t\t<\/div>\n\t\t<\/section>\n\t\t\t\t<section class=\"elementor-section elementor-top-section elementor-element elementor-element-c635211 elementor-section-height-min-height elementor-section-content-middle elementor-section-boxed elementor-section-height-default elementor-section-items-middle\" data-id=\"c635211\" data-element_type=\"section\" data-settings=\"{&quot;background_background&quot;:&quot;classic&quot;}\">\n\t\t\t\t\t\t\t<div class=\"elementor-background-overlay\"><\/div>\n\t\t\t\t\t\t\t<div class=\"elementor-container elementor-column-gap-default\">\n\t\t\t\t\t<div class=\"elementor-column elementor-col-100 elementor-top-column elementor-element elementor-element-7b483b3\" data-id=\"7b483b3\" data-element_type=\"column\">\n\t\t\t<div class=\"elementor-widget-wrap elementor-element-populated\">\n\t\t\t\t\t\t\t\t<div class=\"elementor-element elementor-element-2bb6b92 elementor-widget elementor-widget-heading\" data-id=\"2bb6b92\" data-element_type=\"widget\" data-widget_type=\"heading.default\">\n\t\t\t\t<div class=\"elementor-widget-container\">\n\t\t\t<h1 class=\"elementor-heading-title elementor-size-default\">Sledujte n\u00e1s online!<\/h1>\t\t<\/div>\n\t\t\t\t<\/div>\n\t\t\t\t<section class=\"elementor-section elementor-inner-section elementor-element elementor-element-ba05efd elementor-section-boxed elementor-section-height-default elementor-section-height-default\" data-id=\"ba05efd\" data-element_type=\"section\">\n\t\t\t\t\t\t<div class=\"elementor-container elementor-column-gap-default\">\n\t\t\t\t\t<div class=\"elementor-column elementor-col-50 elementor-inner-column elementor-element elementor-element-8f0f983\" data-id=\"8f0f983\" data-element_type=\"column\">\n\t\t\t<div class=\"elementor-widget-wrap elementor-element-populated\">\n\t\t\t\t\t\t\t\t<div class=\"elementor-element elementor-element-1a398e5 elementor-view-default elementor-widget elementor-widget-icon\" data-id=\"1a398e5\" data-element_type=\"widget\" data-widget_type=\"icon.default\">\n\t\t\t\t<div class=\"elementor-widget-container\">\n\t\t\t\t\t<div class=\"elementor-icon-wrapper\">\n\t\t\t<a class=\"elementor-icon\" href=\"https:\/\/www.facebook.com\/profile.php?id=100069857376350\">\n\t\t\t<i aria-hidden=\"true\" class=\"fab fa-facebook\"><\/i>\t\t\t<\/a>\n\t\t<\/div>\n\t\t\t\t<\/div>\n\t\t\t\t<\/div>\n\t\t\t\t\t<\/div>\n\t\t<\/div>\n\t\t\t\t<div class=\"elementor-column elementor-col-50 elementor-inner-column elementor-element elementor-element-495037b\" data-id=\"495037b\" data-element_type=\"column\">\n\t\t\t<div class=\"elementor-widget-wrap elementor-element-populated\">\n\t\t\t\t\t\t\t\t<div class=\"elementor-element elementor-element-252ecee elementor-view-default elementor-widget elementor-widget-icon\" data-id=\"252ecee\" data-element_type=\"widget\" data-widget_type=\"icon.default\">\n\t\t\t\t<div class=\"elementor-widget-container\">\n\t\t\t\t\t<div class=\"elementor-icon-wrapper\">\n\t\t\t<a class=\"elementor-icon\" href=\"https:\/\/www.instagram.com\/clubtigers_ski_and_snb\/\">\n\t\t\t<i aria-hidden=\"true\" class=\"fab fa-instagram\"><\/i>\t\t\t<\/a>\n\t\t<\/div>\n\t\t\t\t<\/div>\n\t\t\t\t<\/div>\n\t\t\t\t\t<\/div>\n\t\t<\/div>\n\t\t\t\t\t\t\t<\/div>\n\t\t<\/section>\n\t\t\t\t\t<\/div>\n\t\t<\/div>\n\t\t\t\t\t\t\t<\/div>\n\t\t<\/section>\n\t\t\t\t\t\t<\/div>\n\t\t\t\t\t<\/div>\n\t\t","protected":false},"excerpt":{"rendered":"<p>v\u0161etrannost a z\u00e1bava certifikovan\u00ed instrukto\u0159i plat\u00edte pouze odchozen\u00e9 tr\u00e9ninky p\u0159ipojte se na kteroukoliv aktivitu pravideln\u00e9 tr\u00e9ninky 2 x t\u00fddn\u011b Cena: 150 CZK \/ 1,5 hodiny Chci se taky p\u0159idat! Aktivity (v\u011bt\u0161inou ve v\u0161edn\u00ed den): j\u00edzda na kole 15:30 \u201317:00 S d\u011btmi pl\u00e1nujeme v\u00fdlety na kole\u00a0(v\u00fd\u0161lapy na r\u016fzn\u00fdch m\u00edstech v okol\u00ed Liberce) i techniku j\u00edzdy na &hellip;<\/p>\n<p class=\"read-more\"> <a class=\"\" href=\"https:\/\/www.clubtigers.cz\/?page_id=2512\"> <span class=\"screen-reader-text\">Sport venku &#8211; jaro\/podzim<\/span> Pokra\u010dovat ve \u010dten\u00ed &raquo;<\/a><\/p>\n","protected":false},"author":8,"featured_media":0,"parent":0,"menu_order":0,"comment_status":"closed","ping_status":"closed","template":"","meta":{"_uag_custom_page_level_css":"","site-sidebar-layout":"default","site-content-layout":"default","ast-global-header-display":"","ast-main-header-display":"","ast-hfb-above-header-display":"","ast-hfb-below-header-display":"","ast-hfb-mobile-header-display":"","site-post-title":"","ast-breadcrumbs-content":"","ast-featured-img":"","footer-sml-layout":"","theme-transparent-header-meta":"","adv-header-id-meta":"","stick-header-meta":"","header-above-stick-meta":"","header-main-stick-meta":"","header-below-stick-meta":""},"uagb_featured_image_src":{"full":false,"thumbnail":false,"medium":false,"medium_large":false,"large":false,"1536x1536":false,"2048x2048":false},"uagb_author_info":{"display_name":"Mark\u00e9ta Kocourkov\u00e1","author_link":"https:\/\/www.clubtigers.cz\/?author=8"},"uagb_comment_info":0,"uagb_excerpt":"v\u0161etrannost a z\u00e1bava certifikovan\u00ed instrukto\u0159i plat\u00edte pouze odchozen\u00e9 tr\u00e9ninky p\u0159ipojte se na kteroukoliv aktivitu pravideln\u00e9 tr\u00e9ninky 2 x t\u00fddn\u011b Cena: 150 CZK \/ 1,5 hodiny Chci se taky p\u0159idat! Aktivity (v\u011bt\u0161inou ve v\u0161edn\u00ed den): j\u00edzda na kole 15:30 \u201317:00 S d\u011btmi pl\u00e1nujeme v\u00fdlety na kole\u00a0(v\u00fd\u0161lapy na r\u016fzn\u00fdch m\u00edstech v okol\u00ed Liberce) i techniku j\u00edzdy na&hellip;","_links":{"self":[{"href":"https:\/\/www.clubtigers.cz\/index.php?rest_route=\/wp\/v2\/pages\/2512"}],"collection":[{"href":"https:\/\/www.clubtigers.cz\/index.php?rest_route=\/wp\/v2\/pages"}],"about":[{"href":"https:\/\/www.clubtigers.cz\/index.php?rest_route=\/wp\/v2\/types\/page"}],"author":[{"embeddable":true,"href":"https:\/\/www.clubtigers.cz\/index.php?rest_route=\/wp\/v2\/users\/8"}],"replies":[{"embeddable":true,"href":"https:\/\/www.clubtigers.cz\/index.php?rest_route=%2Fwp%2Fv2%2Fcomments&post=2512"}],"version-history":[{"count":61,"href":"https:\/\/www.clubtigers.cz\/index.php?rest_route=\/wp\/v2\/pages\/2512\/revisions"}],"predecessor-version":[{"id":2670,"href":"https:\/\/www.clubtigers.cz\/index.php?rest_route=\/wp\/v2\/pages\/2512\/revisions\/2670"}],"wp:attachment":[{"href":"https:\/\/www.clubtigers.cz\/index.php?rest_route=%2Fwp%2Fv2%2Fmedia&parent=2512"}],"curies":[{"name":"wp","href":"https:\/\/api.w.org\/{rel}","templated":true}]}}